{"id":16094,"date":"2024-02-16T10:19:19","date_gmt":"2024-02-16T09:19:19","guid":{"rendered":"https:\/\/www.quartier21-gasthaus.de\/shop\/?post_type=product&#038;p=16094"},"modified":"2024-03-26T13:58:52","modified_gmt":"2024-03-26T12:58:52","slug":"ostermontag-brunch-kinder-unter-6-jahren","status":"publish","type":"product","link":"https:\/\/www.quartier21-gasthaus.de\/shop\/produkt\/ostermontag-brunch-kinder-unter-6-jahren\/","title":{"rendered":"Ostermontag-Brunch (Kinder unter 6 Jahren) \u2013 AUSERVEKAUFT!"},"content":{"rendered":"<h2>Gro\u00dfer Osterbrunch \ud83d\udc23\ud83e\udd50<\/h2>\n<p>Keine Lust an den Feiertagen in der K\u00fcche zu stehen? Auch dieses Jahr laden wir euch herzlich ein, an den Feiertagen unser buntes Brunch Buffet zu genie\u00dfen! Au\u00dferdem kommt der Osterhase pers\u00f6nlich vorbei um mit den Kleinen auf Eiersuche zu gehen.<\/p>\n<p><strong>\ud83d\udcc5<\/strong>\u23f0 <strong>01. April, 09:00 -14:00 Uhr<\/strong><\/p>\n<p>\ud83d\udcb6<strong> Bis 6 Jahre: freier Eintritt<\/strong><\/p>\n","protected":false},"excerpt":{"rendered":"<p>[tc_seat_chart id=\"16081\" show_legend=\"true\" button_title=\"Ticket w\u00e4hlen\" subtotal_title=\"Gesamt:\" cart_title=\"Zum Warenkorb\"]<br \/>\n[tc_event_terms id=\"16075\"]<\/p>\n","protected":false},"featured_media":16213,"template":"","meta":{"_acf_changed":false},"product_brand":[],"product_cat":[21],"product_tag":[],"class_list":{"0":"post-16094","1":"product","2":"type-product","3":"status-publish","4":"has-post-thumbnail","6":"product_cat-tickettyp","8":"first","9":"outofstock","10":"virtual","11":"taxable","12":"product-type-simple"},"acf":[],"_links":{"self":[{"href":"https:\/\/www.quartier21-gasthaus.de\/shop\/wp-json\/wp\/v2\/product\/16094","targetHints":{"allow":["GET"]}}],"collection":[{"href":"https:\/\/www.quartier21-gasthaus.de\/shop\/wp-json\/wp\/v2\/product"}],"about":[{"href":"https:\/\/www.quartier21-gasthaus.de\/shop\/wp-json\/wp\/v2\/types\/product"}],"wp:featuredmedia":[{"embeddable":true,"href":"https:\/\/www.quartier21-gasthaus.de\/shop\/wp-json\/wp\/v2\/media\/16213"}],"wp:attachment":[{"href":"https:\/\/www.quartier21-gasthaus.de\/shop\/wp-json\/wp\/v2\/media?parent=16094"}],"wp:term":[{"taxonomy":"product_brand","embeddable":true,"href":"https:\/\/www.quartier21-gasthaus.de\/shop\/wp-json\/wp\/v2\/product_brand?post=16094"},{"taxonomy":"product_cat","embeddable":true,"href":"https:\/\/www.quartier21-gasthaus.de\/shop\/wp-json\/wp\/v2\/product_cat?post=16094"},{"taxonomy":"product_tag","embeddable":true,"href":"https:\/\/www.quartier21-gasthaus.de\/shop\/wp-json\/wp\/v2\/product_tag?post=16094"}],"curies":[{"name":"wp","href":"https:\/\/api.w.org\/{rel}","templated":true}]}}