{"id":14976,"date":"2019-09-04T09:56:48","date_gmt":"2019-09-04T09:56:48","guid":{"rendered":"https:\/\/www.quartier21-gasthaus.de\/?page_id=14976"},"modified":"2023-12-11T15:49:07","modified_gmt":"2023-12-11T14:49:07","slug":"gutscheine","status":"publish","type":"page","link":"https:\/\/www.quartier21-gasthaus.de\/shop\/gutscheine\/","title":{"rendered":"Gutscheine"},"content":{"rendered":"<div id='av_section_1'  class='avia-section av-pkxm2o-678e8415f68831091135ccb817484dba main_color avia-section-default avia-no-border-styling  avia-builder-el-0  avia-builder-el-no-sibling  avia-bg-style-scroll container_wrap fullsize'  ><div class='container av-section-cont-open' ><main  role=\"main\" itemprop=\"mainContentOfPage\"  class='template-page content  av-content-full alpha units'><div class='post-entry post-entry-type-page post-entry-14976'><div class='entry-content-wrapper clearfix'>\n<div  class='flex_column av-luk2u8-75caecee6123233c980288d840f5fa56 av_one_full  avia-builder-el-1  el_before_av_one_half  avia-builder-el-first  first flex_column_div  '     ><style type=\"text\/css\" data-created_by=\"avia_inline_auto\" id=\"style-css-av-lmyzapg9-d3f5482dc3d55474207528b9a0720d39\">\n#top .av-special-heading.av-lmyzapg9-d3f5482dc3d55474207528b9a0720d39{\npadding-bottom:10px;\n}\nbody .av-special-heading.av-lmyzapg9-d3f5482dc3d55474207528b9a0720d39 .av-special-heading-tag .heading-char{\nfont-size:25px;\n}\n.av-special-heading.av-lmyzapg9-d3f5482dc3d55474207528b9a0720d39 .av-subheading{\nfont-size:15px;\n}\n<\/style>\n<div  class='av-special-heading av-lmyzapg9-d3f5482dc3d55474207528b9a0720d39 av-special-heading-h1 blockquote elegant-quote elegant-centered  avia-builder-el-2  avia-builder-el-no-sibling '><h1 class='av-special-heading-tag '  itemprop=\"headline\"  ><span class=\"heading-wrap\">Online Gutscheine kaufen<\/span><\/h1><div class=\"special-heading-border\"><div class=\"special-heading-inner-border\"><\/div><\/div><\/div><\/div><div  class='flex_column av-1d4v5ts-339118acc2e2a9930f2aeb421ab6728a av_one_half  avia-builder-el-3  el_after_av_one_full  el_before_av_one_half  first flex_column_div  column-top-margin'     ><section  class='av_textblock_section av-lavhxzkk-bdfc921bf9878a6fef7bb89884eddb1d '   itemscope=\"itemscope\" itemtype=\"https:\/\/schema.org\/CreativeWork\" ><div class='avia_textblock'  itemprop=\"text\" ><p><img loading=\"lazy\" decoding=\"async\" class=\"aligncenter wp-image-16029 size-full\" src=\"https:\/\/www.quartier21-gasthaus.de\/wp-content\/uploads\/2022\/11\/Gutschein-Q21-Gasthaus.jpg\" alt=\"Q21 Gutschein\" width=\"1200\" height=\"572\" \/><\/p>\n<\/div><\/section><\/div><div  class='flex_column av-pk5qzk-91f20e4e0b08b7f595705831f23d08b4 av_one_half  avia-builder-el-5  el_after_av_one_half  avia-builder-el-last  flex_column_div  column-top-margin'     ><p><section  class='av_textblock_section av-lavhvhqt-26c5834513cf2a16ac11df6fb40e5775 '   itemscope=\"itemscope\" itemtype=\"https:\/\/schema.org\/CreativeWork\" ><div class='avia_textblock'  itemprop=\"text\" ><p><span style=\"font-size: 14pt;\">Du willst jemandem eine Freude machen?<\/span><\/p>\n<p><strong style=\"font-size: 14pt;\">Dann verschenke doch ganz einfach einen Gutschein.<br \/>\n<\/strong><\/p>\n<p><span style=\"font-size: 14pt;\"> Gutscheine f\u00fcr unser Q21 Gasthaus erh\u00e4ltst du entweder direkt bei uns vor Ort oder online \u00fcber unseren Partner yovite.de:<\/span><\/p>\n<\/div><\/section><br \/>\n<div  class='avia-button-wrap av-lavi0fyr-50c5eb59557c530b94aecce94a4b2866-wrap avia_animated_button av-animated-when-visible-95 pop-up avia-button-left  avia-builder-el-7  el_after_av_textblock  avia-builder-el-last '>\n<style type=\"text\/css\" data-created_by=\"avia_inline_auto\" id=\"style-css-av-lavi0fyr-50c5eb59557c530b94aecce94a4b2866\">\n#top #wrap_all .avia-button.av-lavi0fyr-50c5eb59557c530b94aecce94a4b2866{\nfont-size:16px;\ntransition:all 0.4s ease-in-out;\n}\n<\/style>\n<a href=\"https:\/\/www.yovite.com\/Restaurant-Gutschein-R-12003804.html?REF=REST\" class=\"avia-button av-lavi0fyr-50c5eb59557c530b94aecce94a4b2866 av-link-btn avia-icon_select-yes-left-icon avia-size-large avia-position-left avia-color-theme-color\" target=\"_blank\" rel=\"noopener noreferrer\" aria-label=\"Gutschein kaufen (\u00fcber yovite.de)\"><span class='avia_button_icon avia_button_icon_left avia-iconfont avia-font-entypo-fontello' data-av_icon='\ue859' data-av_iconfont='entypo-fontello' ><\/span><span class='avia_iconbox_title' >Gutschein kaufen (\u00fcber yovite.de)<\/span><\/a><\/div><\/p><\/div>\n","protected":false},"excerpt":{"rendered":"","protected":false},"author":4,"featured_media":0,"parent":0,"menu_order":0,"comment_status":"closed","ping_status":"closed","template":"","meta":{"_acf_changed":false,"footnotes":""},"class_list":["post-14976","page","type-page","status-publish","hentry"],"acf":[],"_links":{"self":[{"href":"https:\/\/www.quartier21-gasthaus.de\/shop\/wp-json\/wp\/v2\/pages\/14976","targetHints":{"allow":["GET"]}}],"collection":[{"href":"https:\/\/www.quartier21-gasthaus.de\/shop\/wp-json\/wp\/v2\/pages"}],"about":[{"href":"https:\/\/www.quartier21-gasthaus.de\/shop\/wp-json\/wp\/v2\/types\/page"}],"author":[{"embeddable":true,"href":"https:\/\/www.quartier21-gasthaus.de\/shop\/wp-json\/wp\/v2\/users\/4"}],"replies":[{"embeddable":true,"href":"https:\/\/www.quartier21-gasthaus.de\/shop\/wp-json\/wp\/v2\/comments?post=14976"}],"version-history":[{"count":0,"href":"https:\/\/www.quartier21-gasthaus.de\/shop\/wp-json\/wp\/v2\/pages\/14976\/revisions"}],"wp:attachment":[{"href":"https:\/\/www.quartier21-gasthaus.de\/shop\/wp-json\/wp\/v2\/media?parent=14976"}],"curies":[{"name":"wp","href":"https:\/\/api.w.org\/{rel}","templated":true}]}}